{"id":6,"date":"2016-08-04T08:17:13","date_gmt":"2016-08-04T08:17:13","guid":{"rendered":"https:\/\/avadawebsites.wpengine.com\/sports\/?page_id=6"},"modified":"2025-07-17T13:51:31","modified_gmt":"2025-07-17T13:51:31","slug":"ueber-mich","status":"publish","type":"page","link":"https:\/\/focused-bartik.83-171-239-51.plesk.page\/index.php\/ueber-mich\/","title":{"rendered":"\u00dcber Mich"},"content":{"rendered":"<p><div class=\"fusion-fullwidth fullwidth-box fusion-builder-row-1 fusion-flex-container has-pattern-background has-mask-background fusion-parallax-none nonhundred-percent-fullwidth hundred-percent-height hundred-percent-height-center-content non-hundred-percent-height-scrolling lazyload\" style=\"--awb-background-position:left center;--awb-border-sizes-top:0px;--awb-border-sizes-bottom:0px;--awb-border-sizes-left:0px;--awb-border-sizes-right:0px;--awb-border-radius-top-left:0px;--awb-border-radius-top-right:0px;--awb-border-radius-bottom-right:0px;--awb-border-radius-bottom-left:0px;--awb-padding-top:5%;--awb-padding-bottom:30%;--awb-background-color:var(--awb-color3);--awb-background-size:cover;--awb-flex-wrap:wrap;\" data-bg=\"https:\/\/focused-bartik.83-171-239-51.plesk.page\/wp-content\/uploads\/2025\/06\/Ueber_Mich_Header.jpg\" ><div class=\"fusion-builder-row fusion-row fusion-flex-align-items-flex-start fusion-flex-justify-content-center fusion-flex-content-wrap\" style=\"max-width:calc( 1170px + 0px );margin-left: calc(-0px \/ 2 );margin-right: calc(-0px \/ 2 );\"><div class=\"fusion-layout-column fusion_builder_column fusion-builder-column-0 fusion_builder_column_2_3 2_3 fusion-flex-column fusion-animated\" style=\"--awb-padding-bottom:35px;--awb-bg-blend:overlay;--awb-bg-size:cover;--awb-width-large:66.666666666667%;--awb-margin-top-large:60px;--awb-spacing-right-large:0px;--awb-margin-bottom-large:120px;--awb-spacing-left-large:0px;--awb-width-medium:75%;--awb-order-medium:0;--awb-spacing-right-medium:0px;--awb-spacing-left-medium:0px;--awb-width-small:100%;--awb-order-small:0;--awb-spacing-right-small:0px;--awb-spacing-left-small:0px;\" data-animationType=\"fadeInDown\" data-animationDuration=\"1.0\" data-animationOffset=\"top-into-view\" data-scroll-devices=\"small-visibility,medium-visibility,large-visibility\"><div class=\"fusion-column-wrapper fusion-column-has-shadow fusion-flex-justify-content-flex-start fusion-content-layout-column\"><div class=\"fusion-title title fusion-title-1 fusion-sep-none fusion-title-center fusion-title-text fusion-title-size-one\" style=\"--awb-margin-top:15px;\"><h1 class=\"fusion-title-heading title-heading-center fusion-responsive-typography-calculated\" style=\"margin:0;text-transform:uppercase;--fontSize:117.9;line-height:var(--awb-typography1-line-height);\">\u00dcBER <span style=\"color: var(--awb-color5);\">MICH<\/span><\/h1><\/div><i class=\"fb-icon-element-1 fb-icon-element fontawesome-icon awb-sports-ellipsis-h circle-no\" style=\"--awb-iconcolor:var(--awb-color5);--awb-iconcolor-hover:var(--awb-color5);--awb-font-size:14px;--awb-align-self:center;--awb-margin-top:0px;--awb-margin-right:0px;--awb-margin-bottom:25px;--awb-margin-left:0px;\"><\/i><div class=\"fusion-text fusion-text-1 fusion-text-no-margin\" style=\"--awb-margin-bottom:35px;\"><p style=\"font-weight: 400;\">Bewegung, Begeisterung und Motivation- das sind nicht nur Schlagworte, sondern meine Leidenschaft und Berufung. Seit \u00fcber 25 Jahren bin ich als Groupfitness-Mastertrainerin, internationale Presenterin und Ausbilderin mit viel Herz und Energie im Einsatz.<\/p>\n<p style=\"font-weight: 400;\">Ich liebe es Menschen zu motivieren, sie zu bewegen, mein Know How und den Spa\u00df an der Bewegung zu vermitteln.<\/p>\n<p style=\"font-weight: 400;\">Ob als Referentin, Ausbilderin oder Mastertrainerin, teile ich in meinen Kursen, Workshops und Ausbildungen , mein Wissen und meine Erfahrung mit Leidenschaft &#8211; praxisnah-inspirierend und immer mit Herz und einem L\u00e4cheln!<\/p>\n<p style=\"font-weight: 400;\">Als Mastertrainerin biete ich eine Vielfalt von gesundheitsorientierten Kursen von A-Z, f\u00fcr Erwachsene jeden Alters an. Mein eigens entwickeltes Kurskonzept \u201efaszi(e)nierendes Workout\u201c erfreut sich gro\u00dfer Beliebtheit und verbindet fundiertes Fachwissen mit abwechslungsreichem Training f\u00fcr K\u00f6rper ,Geist und Faszien.<\/p>\n<p style=\"font-weight: 400;\">Als Event- und Gasttrainerin gestalte ich motivierende Events und Fitnesswochen in ausgew\u00e4hlten Hotelanlagen, auf dem Schiff oder auch an einem Ort deiner Wahl.<\/p>\n<p style=\"font-weight: 400;\">F\u00fcr Unternehmen biete ich au\u00dferdem Firmenfitness und bewegt Pausen- gerne auch online- an.<\/p>\n<\/div><\/div><\/div><div class=\"fusion-layout-column fusion_builder_column fusion-builder-column-1 fusion_builder_column_1_1 1_1 fusion-flex-column\" style=\"--awb-bg-size:cover;--awb-width-large:100%;--awb-margin-top-large:15px;--awb-spacing-right-large:0px;--awb-margin-bottom-large:15px;--awb-spacing-left-large:0px;--awb-width-medium:100%;--awb-order-medium:0;--awb-spacing-right-medium:0px;--awb-spacing-left-medium:0px;--awb-width-small:100%;--awb-order-small:0;--awb-spacing-right-small:0px;--awb-spacing-left-small:0px;\"><div class=\"fusion-column-wrapper fusion-column-has-shadow fusion-flex-justify-content-flex-start fusion-content-layout-column\"><\/div><\/div><\/div><\/div><div class=\"fusion-fullwidth fullwidth-box fusion-builder-row-2 fusion-flex-container hundred-percent-fullwidth non-hundred-percent-height-scrolling\" style=\"--awb-background-position:left top;--awb-border-radius-top-left:0px;--awb-border-radius-top-right:0px;--awb-border-radius-bottom-right:0px;--awb-border-radius-bottom-left:0px;--awb-padding-top:0px;--awb-padding-right:0px;--awb-padding-bottom:0px;--awb-padding-left:0px;--awb-flex-wrap:wrap;\" ><div class=\"fusion-builder-row fusion-row fusion-flex-align-items-flex-start fusion-flex-content-wrap\" style=\"width:calc( 100% + 0px ) !important;max-width:calc( 100% + 0px ) !important;margin-left: calc(-0px \/ 2 );margin-right: calc(-0px \/ 2 );\"><div class=\"fusion-layout-column fusion_builder_column fusion-builder-column-2 fusion_builder_column_1_1 1_1 fusion-flex-column\" style=\"--awb-bg-position:center center;--awb-bg-blend:overlay;--awb-bg-size:cover;--awb-width-large:100%;--awb-margin-top-large:0px;--awb-spacing-right-large:0px;--awb-margin-bottom-large:0px;--awb-spacing-left-large:0px;--awb-width-medium:100%;--awb-spacing-right-medium:0px;--awb-spacing-left-medium:0px;--awb-width-small:100%;--awb-spacing-right-small:0px;--awb-spacing-left-small:0px;\"><div class=\"fusion-column-wrapper fusion-flex-justify-content-flex-start fusion-content-layout-column\"><div class=\"fusion-post-cards fusion-post-cards-1 awb-carousel awb-swiper awb-swiper-carousel awb-swiper-dots-position-bottom\" style=\"--awb-arrow-size:18px;--awb-arrow-box-width:50px;--awb-arrow-box-height:50px;--awb-arrow-bgcolor:#ffffff;--awb-arrow-color:#212326;--awb-arrow-hover-bgcolor:#ffffff;--awb-arrow-hover-color:#141617;--awb-dots-spacing:17px;--awb-column-spacing:10px;--awb-dots-align:center;--awb-columns:3;--awb-active-filter-border-size:3px;--awb-filters-height:36px;\" data-autoplay=\"no\" data-loop=\"yes\" data-columns=\"3\" data-columnsmedium=\"2\" data-columnssmall=\"1\" data-itemmargin=\"10\" data-itemwidth=\"180\" data-touchscroll=\"yes\" data-imagesize=\"auto\" data-scrollitems=\"1\" data-mousepointer=\"custom\" data-layout=\"carousel\" data-cursor-color-mode=\"custom\" data-cursor-color=\"#ffffff\"><div class=\"swiper-wrapper fusion-flex-align-items-stretch\"><div class=\"fusion_builder_column fusion-builder-column-3 fusion-flex-column fusion-column-inner-bg-wrapper post-card swiper-slide\" style=\"--awb-padding-top:60px;--awb-padding-right:60px;--awb-padding-bottom:60px;--awb-padding-left:60px;--awb-inner-bg-color:#ffffff;--awb-inner-bg-color-hover:#ffffff;--awb-inner-bg-image:linear-gradient(180deg, rgba(19,21,22,0.2) 0%,rgba(19,21,22,0.7) 100%);;--awb-inner-bg-size:cover;\"><span class=\"fusion-column-inner-bg hover-type-none\"><a class=\"fusion-column-anchor\" href=\"https:\/\/focused-bartik.83-171-239-51.plesk.page\/index.php\/2025\/08\/03\/gastexpertin-mein-schiff\/\"><span class=\"fusion-column-inner-bg-image lazyload\" data-bg=\"https:\/\/focused-bartik.83-171-239-51.plesk.page\/wp-content\/uploads\/2025\/08\/20250427_141939-scaled.jpg\" data-bg-gradient=\"linear-gradient(180deg, rgba(19,21,22,0.2) 0%,rgba(19,21,22,0.7) 100%)\"><\/span><\/a><\/span><div class=\"fusion-column-wrapper fusion-flex-justify-content-flex-start fusion-content-layout-column fusion-column-has-bg-image fusion-carousel-item-wrapper\" data-bg-url=\"https:\/\/focused-bartik.83-171-239-51.plesk.page\/wp-content\/uploads\/2025\/08\/20250427_141939-scaled.jpg\"><div class=\"fusion-title title fusion-title-2 fusion-sep-none fusion-title-text fusion-title-size-div\" style=\"--awb-text-color:#ffffff;--awb-margin-bottom:8vw;--awb-font-size:20px;\"><div class=\"fusion-title-heading title-heading-left title-heading-tag fusion-responsive-typography-calculated\" style=\"font-family:&quot;Inter Tight&quot;;font-style:normal;font-weight:500;margin:0;font-size:1em;text-transform:var(--awb-typography2-text-transform);--fontSize:20;--minFontSize:20;line-height:1.2;\"><p class=\"fusion-title-heading title-heading-center fusion-responsive-typography-calculated\">MEINE PROJEKTE<\/p><\/div><\/div><div class=\"fusion-separator fusion-full-width-sep\" style=\"align-self: center;margin-left: auto;margin-right: auto;flex-grow:1;width:100%;\"><\/div><div class=\"fusion-title title fusion-title-3 fusion-sep-none fusion-title-text fusion-title-size-four\" style=\"--awb-text-color:#ffffff;--awb-margin-bottom:30px;--awb-margin-left:-2px;--awb-font-size:28px;\"><h4 class=\"fusion-title-heading title-heading-left fusion-responsive-typography-calculated\" style=\"font-family:&quot;Montserrat&quot;;font-style:normal;font-weight:400;margin:0;font-size:1em;text-transform:none;--fontSize:28;line-height:1.2;\">GASTEXPERTIN  &#8222;MEIN SCHIFF&#8220;<\/h4><\/div><div class=\"fusion-text fusion-text-2 fusion-text-no-margin\" style=\"--awb-content-alignment:left;--awb-font-size:14px;--awb-line-height:1.2;--awb-letter-spacing:0px;--awb-text-transform:var(--awb-typography5-text-transform);--awb-text-color:#ffffff;--awb-text-font-family:&quot;Inter Tight&quot;;--awb-text-font-style:normal;--awb-text-font-weight:500;\"><p>Hier klicken um mehr zu erfahren<\/p>\n<\/div><\/div><\/div>\n<div class=\"fusion_builder_column fusion-builder-column-4 fusion-flex-column fusion-column-inner-bg-wrapper post-card swiper-slide\" style=\"--awb-padding-top:60px;--awb-padding-right:60px;--awb-padding-bottom:60px;--awb-padding-left:60px;--awb-inner-bg-color:#ffffff;--awb-inner-bg-color-hover:#ffffff;--awb-inner-bg-image:linear-gradient(180deg, rgba(19,21,22,0.2) 0%,rgba(19,21,22,0.7) 100%);;--awb-inner-bg-size:cover;\"><span class=\"fusion-column-inner-bg hover-type-none\"><a class=\"fusion-column-anchor\" href=\"https:\/\/focused-bartik.83-171-239-51.plesk.page\/index.php\/2025\/08\/03\/dvbs-deutscher-verein-der-blinden-und-sehbehinderten\/\"><span class=\"fusion-column-inner-bg-image lazyload\" data-bg=\"https:\/\/focused-bartik.83-171-239-51.plesk.page\/wp-content\/uploads\/2025\/08\/20250815_080643-scaled-e1755760218889.jpg\" data-bg-gradient=\"linear-gradient(180deg, rgba(19,21,22,0.2) 0%,rgba(19,21,22,0.7) 100%)\"><\/span><\/a><\/span><div class=\"fusion-column-wrapper fusion-flex-justify-content-flex-start fusion-content-layout-column fusion-column-has-bg-image fusion-carousel-item-wrapper\" data-bg-url=\"https:\/\/focused-bartik.83-171-239-51.plesk.page\/wp-content\/uploads\/2025\/08\/20250815_080643-scaled-e1755760218889.jpg\"><div class=\"fusion-title title fusion-title-4 fusion-sep-none fusion-title-text fusion-title-size-div\" style=\"--awb-text-color:#ffffff;--awb-margin-bottom:8vw;--awb-font-size:20px;\"><div class=\"fusion-title-heading title-heading-left title-heading-tag fusion-responsive-typography-calculated\" style=\"font-family:&quot;Inter Tight&quot;;font-style:normal;font-weight:500;margin:0;font-size:1em;text-transform:var(--awb-typography2-text-transform);--fontSize:20;--minFontSize:20;line-height:1.2;\"><p class=\"fusion-title-heading title-heading-center fusion-responsive-typography-calculated\">MEINE PROJEKTE<\/p><\/div><\/div><div class=\"fusion-separator fusion-full-width-sep\" style=\"align-self: center;margin-left: auto;margin-right: auto;flex-grow:1;width:100%;\"><\/div><div class=\"fusion-title title fusion-title-5 fusion-sep-none fusion-title-text fusion-title-size-four\" style=\"--awb-text-color:#ffffff;--awb-margin-bottom:30px;--awb-margin-left:-2px;--awb-font-size:28px;\"><h4 class=\"fusion-title-heading title-heading-left fusion-responsive-typography-calculated\" style=\"font-family:&quot;Montserrat&quot;;font-style:normal;font-weight:400;margin:0;font-size:1em;text-transform:none;--fontSize:28;line-height:1.2;\">DVBS<\/h4><\/div><div class=\"fusion-text fusion-text-3 fusion-text-no-margin\" style=\"--awb-content-alignment:left;--awb-font-size:14px;--awb-line-height:1.2;--awb-letter-spacing:0px;--awb-text-transform:var(--awb-typography5-text-transform);--awb-text-color:#ffffff;--awb-text-font-family:&quot;Inter Tight&quot;;--awb-text-font-style:normal;--awb-text-font-weight:500;\"><p>Hier klicken um mehr zu erfahren<\/p>\n<\/div><\/div><\/div>\n<div class=\"fusion_builder_column fusion-builder-column-5 fusion-flex-column fusion-column-inner-bg-wrapper post-card swiper-slide\" style=\"--awb-padding-top:60px;--awb-padding-right:60px;--awb-padding-bottom:60px;--awb-padding-left:60px;--awb-inner-bg-color:#ffffff;--awb-inner-bg-color-hover:#ffffff;--awb-inner-bg-image:linear-gradient(180deg, rgba(19,21,22,0.2) 0%,rgba(19,21,22,0.7) 100%);;--awb-inner-bg-size:cover;\"><span class=\"fusion-column-inner-bg hover-type-none\"><a class=\"fusion-column-anchor\" href=\"https:\/\/focused-bartik.83-171-239-51.plesk.page\/index.php\/2025\/06\/12\/kurse-beim-tv-hausen\/\"><span class=\"fusion-column-inner-bg-image lazyload\" data-bg=\"https:\/\/focused-bartik.83-171-239-51.plesk.page\/wp-content\/uploads\/2025\/06\/20240306_173931-scaled.jpg\" data-bg-gradient=\"linear-gradient(180deg, rgba(19,21,22,0.2) 0%,rgba(19,21,22,0.7) 100%)\"><\/span><\/a><\/span><div class=\"fusion-column-wrapper fusion-flex-justify-content-flex-start fusion-content-layout-column fusion-column-has-bg-image fusion-carousel-item-wrapper\" data-bg-url=\"https:\/\/focused-bartik.83-171-239-51.plesk.page\/wp-content\/uploads\/2025\/06\/20240306_173931-scaled.jpg\"><div class=\"fusion-title title fusion-title-6 fusion-sep-none fusion-title-text fusion-title-size-div\" style=\"--awb-text-color:#ffffff;--awb-margin-bottom:8vw;--awb-font-size:20px;\"><div class=\"fusion-title-heading title-heading-left title-heading-tag fusion-responsive-typography-calculated\" style=\"font-family:&quot;Inter Tight&quot;;font-style:normal;font-weight:500;margin:0;font-size:1em;text-transform:var(--awb-typography2-text-transform);--fontSize:20;--minFontSize:20;line-height:1.2;\"><p class=\"fusion-title-heading title-heading-center fusion-responsive-typography-calculated\">MEINE PROJEKTE<\/p><\/div><\/div><div class=\"fusion-separator fusion-full-width-sep\" style=\"align-self: center;margin-left: auto;margin-right: auto;flex-grow:1;width:100%;\"><\/div><div class=\"fusion-title title fusion-title-7 fusion-sep-none fusion-title-text fusion-title-size-four\" style=\"--awb-text-color:#ffffff;--awb-margin-bottom:30px;--awb-margin-left:-2px;--awb-font-size:28px;\"><h4 class=\"fusion-title-heading title-heading-left fusion-responsive-typography-calculated\" style=\"font-family:&quot;Montserrat&quot;;font-style:normal;font-weight:400;margin:0;font-size:1em;text-transform:none;--fontSize:28;line-height:1.2;\">KURSE BEIM TV HAUSEN<\/h4><\/div><div class=\"fusion-text fusion-text-4 fusion-text-no-margin\" style=\"--awb-content-alignment:left;--awb-font-size:14px;--awb-line-height:1.2;--awb-letter-spacing:0px;--awb-text-transform:var(--awb-typography5-text-transform);--awb-text-color:#ffffff;--awb-text-font-family:&quot;Inter Tight&quot;;--awb-text-font-style:normal;--awb-text-font-weight:500;\"><p>Hier klicken um mehr zu erfahren<\/p>\n<\/div><\/div><\/div>\n<div class=\"fusion_builder_column fusion-builder-column-6 fusion-flex-column fusion-column-inner-bg-wrapper post-card swiper-slide\" style=\"--awb-padding-top:60px;--awb-padding-right:60px;--awb-padding-bottom:60px;--awb-padding-left:60px;--awb-inner-bg-color:#ffffff;--awb-inner-bg-color-hover:#ffffff;--awb-inner-bg-image:linear-gradient(180deg, rgba(19,21,22,0.2) 0%,rgba(19,21,22,0.7) 100%);;--awb-inner-bg-size:cover;\"><span class=\"fusion-column-inner-bg hover-type-none\"><a class=\"fusion-column-anchor\" href=\"https:\/\/focused-bartik.83-171-239-51.plesk.page\/index.php\/2025\/06\/12\/falkensteiner-katschberg\/\"><span class=\"fusion-column-inner-bg-image lazyload\" data-bg=\"https:\/\/focused-bartik.83-171-239-51.plesk.page\/wp-content\/uploads\/2025\/06\/befunky-design-2023-04-18t132342-072.jpg\" data-bg-gradient=\"linear-gradient(180deg, rgba(19,21,22,0.2) 0%,rgba(19,21,22,0.7) 100%)\"><\/span><\/a><\/span><div class=\"fusion-column-wrapper fusion-flex-justify-content-flex-start fusion-content-layout-column fusion-column-has-bg-image fusion-carousel-item-wrapper\" data-bg-url=\"https:\/\/focused-bartik.83-171-239-51.plesk.page\/wp-content\/uploads\/2025\/06\/befunky-design-2023-04-18t132342-072.jpg\"><div class=\"fusion-title title fusion-title-8 fusion-sep-none fusion-title-text fusion-title-size-div\" style=\"--awb-text-color:#ffffff;--awb-margin-bottom:8vw;--awb-font-size:20px;\"><div class=\"fusion-title-heading title-heading-left title-heading-tag fusion-responsive-typography-calculated\" style=\"font-family:&quot;Inter Tight&quot;;font-style:normal;font-weight:500;margin:0;font-size:1em;text-transform:var(--awb-typography2-text-transform);--fontSize:20;--minFontSize:20;line-height:1.2;\"><p class=\"fusion-title-heading title-heading-center fusion-responsive-typography-calculated\">MEINE PROJEKTE<\/p><\/div><\/div><div class=\"fusion-separator fusion-full-width-sep\" style=\"align-self: center;margin-left: auto;margin-right: auto;flex-grow:1;width:100%;\"><\/div><div class=\"fusion-title title fusion-title-9 fusion-sep-none fusion-title-text fusion-title-size-four\" style=\"--awb-text-color:#ffffff;--awb-margin-bottom:30px;--awb-margin-left:-2px;--awb-font-size:28px;\"><h4 class=\"fusion-title-heading title-heading-left fusion-responsive-typography-calculated\" style=\"font-family:&quot;Montserrat&quot;;font-style:normal;font-weight:400;margin:0;font-size:1em;text-transform:none;--fontSize:28;line-height:1.2;\">FALKENSTEINER HOTELS &#8222;FITNESS-AKTIV-TAGE&#8220;<\/h4><\/div><div class=\"fusion-text fusion-text-5 fusion-text-no-margin\" style=\"--awb-content-alignment:left;--awb-font-size:14px;--awb-line-height:1.2;--awb-letter-spacing:0px;--awb-text-transform:var(--awb-typography5-text-transform);--awb-text-color:#ffffff;--awb-text-font-family:&quot;Inter Tight&quot;;--awb-text-font-style:normal;--awb-text-font-weight:500;\"><p>Hier klicken um mehr zu erfahren<\/p>\n<\/div><\/div><\/div>\n<div class=\"fusion_builder_column fusion-builder-column-7 fusion-flex-column fusion-column-inner-bg-wrapper post-card swiper-slide\" style=\"--awb-padding-top:60px;--awb-padding-right:60px;--awb-padding-bottom:60px;--awb-padding-left:60px;--awb-inner-bg-color:#ffffff;--awb-inner-bg-color-hover:#ffffff;--awb-inner-bg-image:linear-gradient(180deg, rgba(19,21,22,0.2) 0%,rgba(19,21,22,0.7) 100%);;--awb-inner-bg-size:cover;\"><span class=\"fusion-column-inner-bg hover-type-none\"><a class=\"fusion-column-anchor\" href=\"https:\/\/focused-bartik.83-171-239-51.plesk.page\/index.php\/2025\/06\/11\/eventtrainerin-im-robinsonclub-zypern\/\"><span class=\"fusion-column-inner-bg-image lazyload\" data-bg=\"https:\/\/focused-bartik.83-171-239-51.plesk.page\/wp-content\/uploads\/2025\/06\/275678565.jpg\" data-bg-gradient=\"linear-gradient(180deg, rgba(19,21,22,0.2) 0%,rgba(19,21,22,0.7) 100%)\"><\/span><\/a><\/span><div class=\"fusion-column-wrapper fusion-flex-justify-content-flex-start fusion-content-layout-column fusion-column-has-bg-image fusion-carousel-item-wrapper\" data-bg-url=\"https:\/\/focused-bartik.83-171-239-51.plesk.page\/wp-content\/uploads\/2025\/06\/275678565.jpg\"><div class=\"fusion-title title fusion-title-10 fusion-sep-none fusion-title-text fusion-title-size-div\" style=\"--awb-text-color:#ffffff;--awb-margin-bottom:8vw;--awb-font-size:20px;\"><div class=\"fusion-title-heading title-heading-left title-heading-tag fusion-responsive-typography-calculated\" style=\"font-family:&quot;Inter Tight&quot;;font-style:normal;font-weight:500;margin:0;font-size:1em;text-transform:var(--awb-typography2-text-transform);--fontSize:20;--minFontSize:20;line-height:1.2;\"><p class=\"fusion-title-heading title-heading-center fusion-responsive-typography-calculated\">MEINE PROJEKTE<\/p><\/div><\/div><div class=\"fusion-separator fusion-full-width-sep\" style=\"align-self: center;margin-left: auto;margin-right: auto;flex-grow:1;width:100%;\"><\/div><div class=\"fusion-title title fusion-title-11 fusion-sep-none fusion-title-text fusion-title-size-four\" style=\"--awb-text-color:#ffffff;--awb-margin-bottom:30px;--awb-margin-left:-2px;--awb-font-size:28px;\"><h4 class=\"fusion-title-heading title-heading-left fusion-responsive-typography-calculated\" style=\"font-family:&quot;Montserrat&quot;;font-style:normal;font-weight:400;margin:0;font-size:1em;text-transform:none;--fontSize:28;line-height:1.2;\">EVENTTRAINERIN IM ROBINSONCLUB ZYPERN<\/h4><\/div><div class=\"fusion-text fusion-text-6 fusion-text-no-margin\" style=\"--awb-content-alignment:left;--awb-font-size:14px;--awb-line-height:1.2;--awb-letter-spacing:0px;--awb-text-transform:var(--awb-typography5-text-transform);--awb-text-color:#ffffff;--awb-text-font-family:&quot;Inter Tight&quot;;--awb-text-font-style:normal;--awb-text-font-weight:500;\"><p>Hier klicken um mehr zu erfahren<\/p>\n<\/div><\/div><\/div>\n<div class=\"fusion_builder_column fusion-builder-column-8 fusion-flex-column fusion-column-inner-bg-wrapper post-card swiper-slide\" style=\"--awb-padding-top:60px;--awb-padding-right:60px;--awb-padding-bottom:60px;--awb-padding-left:60px;--awb-inner-bg-color:#ffffff;--awb-inner-bg-color-hover:#ffffff;--awb-inner-bg-image:linear-gradient(180deg, rgba(19,21,22,0.2) 0%,rgba(19,21,22,0.7) 100%);;--awb-inner-bg-size:cover;\"><span class=\"fusion-column-inner-bg hover-type-none\"><a class=\"fusion-column-anchor\" href=\"https:\/\/focused-bartik.83-171-239-51.plesk.page\/index.php\/2025\/06\/11\/rtb-gymwelt-convention\/\"><span class=\"fusion-column-inner-bg-image lazyload\" data-bg=\"https:\/\/focused-bartik.83-171-239-51.plesk.page\/wp-content\/uploads\/2025\/06\/Heike-Meidinger.00_00_11_11.Standbild001-scaled.jpg\" data-bg-gradient=\"linear-gradient(180deg, rgba(19,21,22,0.2) 0%,rgba(19,21,22,0.7) 100%)\"><\/span><\/a><\/span><div class=\"fusion-column-wrapper fusion-flex-justify-content-flex-start fusion-content-layout-column fusion-column-has-bg-image fusion-carousel-item-wrapper\" data-bg-url=\"https:\/\/focused-bartik.83-171-239-51.plesk.page\/wp-content\/uploads\/2025\/06\/Heike-Meidinger.00_00_11_11.Standbild001-scaled.jpg\"><div class=\"fusion-title title fusion-title-12 fusion-sep-none fusion-title-text fusion-title-size-div\" style=\"--awb-text-color:#ffffff;--awb-margin-bottom:8vw;--awb-font-size:20px;\"><div class=\"fusion-title-heading title-heading-left title-heading-tag fusion-responsive-typography-calculated\" style=\"font-family:&quot;Inter Tight&quot;;font-style:normal;font-weight:500;margin:0;font-size:1em;text-transform:var(--awb-typography2-text-transform);--fontSize:20;--minFontSize:20;line-height:1.2;\"><p class=\"fusion-title-heading title-heading-center fusion-responsive-typography-calculated\">MEINE PROJEKTE<\/p><\/div><\/div><div class=\"fusion-separator fusion-full-width-sep\" style=\"align-self: center;margin-left: auto;margin-right: auto;flex-grow:1;width:100%;\"><\/div><div class=\"fusion-title title fusion-title-13 fusion-sep-none fusion-title-text fusion-title-size-four\" style=\"--awb-text-color:#ffffff;--awb-margin-bottom:30px;--awb-margin-left:-2px;--awb-font-size:28px;\"><h4 class=\"fusion-title-heading title-heading-left fusion-responsive-typography-calculated\" style=\"font-family:&quot;Montserrat&quot;;font-style:normal;font-weight:400;margin:0;font-size:1em;text-transform:none;--fontSize:28;line-height:1.2;\">GYMWELT CONVENTIONS<\/h4><\/div><div class=\"fusion-text fusion-text-7 fusion-text-no-margin\" style=\"--awb-content-alignment:left;--awb-font-size:14px;--awb-line-height:1.2;--awb-letter-spacing:0px;--awb-text-transform:var(--awb-typography5-text-transform);--awb-text-color:#ffffff;--awb-text-font-family:&quot;Inter Tight&quot;;--awb-text-font-style:normal;--awb-text-font-weight:500;\"><p>Hier klicken um mehr zu erfahren<\/p>\n<\/div><\/div><\/div>\n<\/div><\/div><\/div><\/div><\/div><\/div><\/p>\n","protected":false},"excerpt":{"rendered":"","protected":false},"author":2,"featured_media":0,"parent":0,"menu_order":0,"comment_status":"closed","ping_status":"closed","template":"100-width.php","meta":{"footnotes":""},"class_list":["post-6","page","type-page","status-publish","hentry"],"_links":{"self":[{"href":"https:\/\/focused-bartik.83-171-239-51.plesk.page\/index.php\/wp-json\/wp\/v2\/pages\/6","targetHints":{"allow":["GET"]}}],"collection":[{"href":"https:\/\/focused-bartik.83-171-239-51.plesk.page\/index.php\/wp-json\/wp\/v2\/pages"}],"about":[{"href":"https:\/\/focused-bartik.83-171-239-51.plesk.page\/index.php\/wp-json\/wp\/v2\/types\/page"}],"author":[{"embeddable":true,"href":"https:\/\/focused-bartik.83-171-239-51.plesk.page\/index.php\/wp-json\/wp\/v2\/users\/2"}],"replies":[{"embeddable":true,"href":"https:\/\/focused-bartik.83-171-239-51.plesk.page\/index.php\/wp-json\/wp\/v2\/comments?post=6"}],"version-history":[{"count":27,"href":"https:\/\/focused-bartik.83-171-239-51.plesk.page\/index.php\/wp-json\/wp\/v2\/pages\/6\/revisions"}],"predecessor-version":[{"id":1657,"href":"https:\/\/focused-bartik.83-171-239-51.plesk.page\/index.php\/wp-json\/wp\/v2\/pages\/6\/revisions\/1657"}],"wp:attachment":[{"href":"https:\/\/focused-bartik.83-171-239-51.plesk.page\/index.php\/wp-json\/wp\/v2\/media?parent=6"}],"curies":[{"name":"wp","href":"https:\/\/api.w.org\/{rel}","templated":true}]}}